{"id":7,"date":"2015-12-22T18:46:34","date_gmt":"2015-12-22T18:46:34","guid":{"rendered":"http:\/\/naimahassertdotcom.wordpress.com\/?page_id=1"},"modified":"2023-01-04T17:21:42","modified_gmt":"2023-01-04T21:21:42","slug":"about","status":"publish","type":"page","link":"https:\/\/prochainelecture.com\/fr\/about\/","title":{"rendered":"\u00c0 propos"},"content":{"rendered":"<p><img data-recalc-dims=\"1\" fetchpriority=\"high\" decoding=\"async\" class=\"alignleft  wp-image-213\" src=\"https:\/\/i0.wp.com\/www.naimahassert.com\/wp-content\/uploads\/2016\/01\/p6040196-copie1.jpg?resize=263%2C351\" alt=\"P6040196 - copie.jpg\" width=\"263\" height=\"351\" srcset=\"https:\/\/i0.wp.com\/prochainelecture.com\/wp-content\/uploads\/2016\/01\/p6040196-copie1.jpg?w=3456&amp;ssl=1 3456w, https:\/\/i0.wp.com\/prochainelecture.com\/wp-content\/uploads\/2016\/01\/p6040196-copie1.jpg?resize=225%2C300&amp;ssl=1 225w, https:\/\/i0.wp.com\/prochainelecture.com\/wp-content\/uploads\/2016\/01\/p6040196-copie1.jpg?resize=768%2C1024&amp;ssl=1 768w, https:\/\/i0.wp.com\/prochainelecture.com\/wp-content\/uploads\/2016\/01\/p6040196-copie1.jpg?resize=1200%2C1600&amp;ssl=1 1200w, https:\/\/i0.wp.com\/prochainelecture.com\/wp-content\/uploads\/2016\/01\/p6040196-copie1.jpg?w=1920&amp;ssl=1 1920w, https:\/\/i0.wp.com\/prochainelecture.com\/wp-content\/uploads\/2016\/01\/p6040196-copie1.jpg?w=2880&amp;ssl=1 2880w\" sizes=\"(max-width: 263px) 100vw, 263px\" \/><\/p>\n<p>Bienvenue sur mon blogue de lectures!<\/p>\n<p>Je m&#8217;appelle Na\u00efma, et depuis que je sais lire, je d\u00e9vore tout ce qui me tombe sous la main. J&#8217;ai un baccalaur\u00e9at en litt\u00e9rature et linguistique, et je fais actuellement une ma\u00eetrise en linguistique computationnelle. J&#8217;ai commenc\u00e9 ce blogue en 2016 pour partager mon amour de la lecture, et aussi pour garder une trace des livres que je lis. Il y en a beaucoup!<\/p>\n<p>J&#8217;\u00e9cris mes critiques en pensant \u00e0 mes lecteurs avant tout. Je veux qu&#8217;elles soient agr\u00e9ables \u00e0 lire, que vous souhaitiez lire le livre ou non. Je ne me perds pas dans des analyses litt\u00e9raires pouss\u00e9es, et en g\u00e9n\u00e9ral mes publications sont plut\u00f4t courtes. Aussi, je ne m&#8217;attarde g\u00e9n\u00e9ralement pas sur les r\u00e9sum\u00e9s des livres : selon moi, ils n&#8217;ont pas grande-chose \u00e0 voir avec le plaisir que j&#8217;ai \u00e0 les lire. Si j&#8217;ai ador\u00e9 le livre et que je veux vraiment que vous le lisiez, je veillerai \u00e0 ne rien spoiler : attention toutefois, si je ne l&#8217;ai pas aim\u00e9, je n&#8217;h\u00e9siterai pas \u00e0 tout d\u00e9voiler!<\/p>\n<p>Il m&#8217;arrive d&#8217;ailleurs d&#8217;\u00eatre rude avec certains livres, car j&#8217;ai souvent des opinions tr\u00e8s tranch\u00e9es et que j&#8217;aime me d\u00e9fouler ici. Mais ne me prenez pas trop au s\u00e9rieux! Je sais que la lecture est un acte hautement subjectif, et je ne suis certainement pas une lectrice parfaite (je manque souvent d&#8217;attention, et j&#8217;ai parfois des pr\u00e9jug\u00e9s). Si vous n&#8217;\u00eates pas d&#8217;accord avec moi, n&#8217;h\u00e9sitez pas \u00e0 me le dire, il me fera plaisir de discuter avec vous!<\/p>\n<p>Suivez-moi sur <a href=\"https:\/\/www.facebook.com\/prochainelecture\">Facebook<\/a>, <a href=\"https:\/\/www.instagram.com\/prochaine.lecture\/\">Instagram<\/a>, <a href=\"https:\/\/twitter.com\/ProchaineL\">Twitter<\/a>, et inscrivez votre courriel dans la barre de droite pour ne manquer aucune de mes nouvelles publications!<\/p>\n<p>Pour me contacter directement, vous pouvez m&#8217;envoyer un courriel \u00e0 <span style=\"font-size: revert; color: initial;\">naima@prochainelecture.com.<\/span><\/p>\n<p>Bonne lecture!<\/p>\n","protected":false},"excerpt":{"rendered":"<p>Bienvenue sur mon blogue de lectures! Je m&#8217;appelle Na\u00efma, et depuis que je sais lire, je d\u00e9vore tout ce qui me tombe sous la main. J&#8217;ai un baccalaur\u00e9at en litt\u00e9rature et linguistique, et je fais actuellement une ma\u00eetrise en linguistique computationnelle. J&#8217;ai commenc\u00e9 ce blogue en 2016 pour partager mon amour de la lecture, et aussi pour garder une trace des livres que je lis. Il y en a beaucoup! J&#8217;\u00e9cris mes critiques en pensant \u00e0 mes lecteurs avant tout. Je veux qu&#8217;elles soient agr\u00e9ables \u00e0 lire, que vous souhaitiez lire le livre ou non. Je ne me perds pas dans des analyses litt\u00e9raires pouss\u00e9es, et en g\u00e9n\u00e9ral mes publications sont plut\u00f4t courtes. Aussi, je ne m&#8217;attarde g\u00e9n\u00e9ralement pas sur les r\u00e9sum\u00e9s des livres : selon moi, ils n&#8217;ont pas grande-chose \u00e0 voir avec le plaisir que j&#8217;ai \u00e0 les lire. Si j&#8217;ai ador\u00e9 le livre et que je veux vraiment que vous le lisiez, je veillerai \u00e0 ne rien spoiler : attention toutefois, si je ne l&#8217;ai pas aim\u00e9, je n&#8217;h\u00e9siterai pas \u00e0 tout d\u00e9voiler! Il m&#8217;arrive d&#8217;ailleurs d&#8217;\u00eatre rude avec certains livres, car j&#8217;ai souvent des opinions tr\u00e8s tranch\u00e9es et que j&#8217;aime me d\u00e9fouler ici. Mais ne me prenez pas trop au s\u00e9rieux! Je sais que la lecture est un acte hautement subjectif, et je ne suis certainement pas une lectrice parfaite (je manque souvent d&#8217;attention, et j&#8217;ai parfois des pr\u00e9jug\u00e9s). Si vous n&#8217;\u00eates pas d&#8217;accord avec moi, n&#8217;h\u00e9sitez pas \u00e0 me le dire, il me fera plaisir de discuter avec vous! Suivez-moi sur Facebook, Instagram, Twitter, et inscrivez votre courriel dans la barre de droite pour ne manquer aucune de mes nouvelles publications! Pour me contacter directement, vous pouvez m&#8217;envoyer un courriel \u00e0 naima@prochainelecture.com. Bonne lecture!<\/p>\n","protected":false},"author":1,"featured_media":0,"parent":0,"menu_order":0,"comment_status":"closed","ping_status":"closed","template":"","meta":{"nf_dc_page":"","footnotes":""},"class_list":["post-7","page","type-page","status-publish","hentry"],"yoast_head":"<!-- This site is optimized with the Yoast SEO plugin v27.4 - https:\/\/yoast.com\/product\/yoast-seo-wordpress\/ -->\n<title>\u00c0 propos - Prochaine lecture<\/title>\n<meta name=\"robots\" content=\"index, follow, max-snippet:-1, max-image-preview:large, max-video-preview:-1\" \/>\n<link rel=\"canonical\" href=\"https:\/\/prochainelecture.com\/fr\/about\/\" \/>\n<meta property=\"og:locale\" content=\"fr_CA\" \/>\n<meta property=\"og:type\" content=\"article\" \/>\n<meta property=\"og:title\" content=\"\u00c0 propos - Prochaine lecture\" \/>\n<meta property=\"og:description\" content=\"Bienvenue sur mon blogue de lectures! Je m&#8217;appelle Na\u00efma, et depuis que je sais lire, je d\u00e9vore tout ce qui me tombe sous la main. J&#8217;ai un baccalaur\u00e9at en litt\u00e9rature et linguistique, et je fais actuellement une ma\u00eetrise en linguistique computationnelle. J&#8217;ai commenc\u00e9 ce blogue en 2016 pour partager mon amour de la lecture, et aussi pour garder une trace des livres que je lis. Il y en a beaucoup! J&#8217;\u00e9cris mes critiques en pensant \u00e0 mes lecteurs avant tout. Je veux qu&#8217;elles soient agr\u00e9ables \u00e0 lire, que vous souhaitiez lire le livre ou non. Je ne me perds pas dans des analyses litt\u00e9raires pouss\u00e9es, et en g\u00e9n\u00e9ral mes publications sont plut\u00f4t courtes. Aussi, je ne m&#8217;attarde g\u00e9n\u00e9ralement pas sur les r\u00e9sum\u00e9s des livres : selon moi, ils n&#8217;ont pas grande-chose \u00e0 voir avec le plaisir que j&#8217;ai \u00e0 les lire. Si j&#8217;ai ador\u00e9 le livre et que je veux vraiment que vous le lisiez, je veillerai \u00e0 ne rien spoiler : attention toutefois, si je ne l&#8217;ai pas aim\u00e9, je n&#8217;h\u00e9siterai pas \u00e0 tout d\u00e9voiler! Il m&#8217;arrive d&#8217;ailleurs d&#8217;\u00eatre rude avec certains livres, car j&#8217;ai souvent des opinions tr\u00e8s tranch\u00e9es et que j&#8217;aime me d\u00e9fouler ici. Mais ne me prenez pas trop au s\u00e9rieux! Je sais que la lecture est un acte hautement subjectif, et je ne suis certainement pas une lectrice parfaite (je manque souvent d&#8217;attention, et j&#8217;ai parfois des pr\u00e9jug\u00e9s). Si vous n&#8217;\u00eates pas d&#8217;accord avec moi, n&#8217;h\u00e9sitez pas \u00e0 me le dire, il me fera plaisir de discuter avec vous! Suivez-moi sur Facebook, Instagram, Twitter, et inscrivez votre courriel dans la barre de droite pour ne manquer aucune de mes nouvelles publications! Pour me contacter directement, vous pouvez m&#8217;envoyer un courriel \u00e0 naima@prochainelecture.com. Bonne lecture!\" \/>\n<meta property=\"og:url\" content=\"https:\/\/prochainelecture.com\/fr\/about\/\" \/>\n<meta property=\"og:site_name\" content=\"Prochaine lecture\" \/>\n<meta property=\"article:publisher\" content=\"https:\/\/www.facebook.com\/prochainelecture\/\" \/>\n<meta property=\"article:modified_time\" content=\"2023-01-04T21:21:42+00:00\" \/>\n<meta property=\"og:image\" content=\"http:\/\/www.naimahassert.com\/wp-content\/uploads\/2016\/01\/p6040196-copie1.jpg?w=231\" \/>\n<meta name=\"twitter:card\" content=\"summary_large_image\" \/>\n<meta name=\"twitter:label1\" content=\"Estimation du temps de lecture\" \/>\n\t<meta name=\"twitter:data1\" content=\"2 minutes\" \/>\n<script type=\"application\/ld+json\" class=\"yoast-schema-graph\">{\"@context\":\"https:\\\/\\\/schema.org\",\"@graph\":[{\"@type\":\"WebPage\",\"@id\":\"https:\\\/\\\/prochainelecture.com\\\/about\\\/\",\"url\":\"https:\\\/\\\/prochainelecture.com\\\/about\\\/\",\"name\":\"\u00c0 propos - Prochaine lecture\",\"isPartOf\":{\"@id\":\"https:\\\/\\\/prochainelecture.com\\\/#website\"},\"primaryImageOfPage\":{\"@id\":\"https:\\\/\\\/prochainelecture.com\\\/about\\\/#primaryimage\"},\"image\":{\"@id\":\"https:\\\/\\\/prochainelecture.com\\\/about\\\/#primaryimage\"},\"thumbnailUrl\":\"http:\\\/\\\/www.naimahassert.com\\\/wp-content\\\/uploads\\\/2016\\\/01\\\/p6040196-copie1.jpg?w=231\",\"datePublished\":\"2015-12-22T18:46:34+00:00\",\"dateModified\":\"2023-01-04T21:21:42+00:00\",\"breadcrumb\":{\"@id\":\"https:\\\/\\\/prochainelecture.com\\\/about\\\/#breadcrumb\"},\"inLanguage\":\"fr-CA\",\"potentialAction\":[{\"@type\":\"ReadAction\",\"target\":[\"https:\\\/\\\/prochainelecture.com\\\/about\\\/\"]}]},{\"@type\":\"ImageObject\",\"inLanguage\":\"fr-CA\",\"@id\":\"https:\\\/\\\/prochainelecture.com\\\/about\\\/#primaryimage\",\"url\":\"http:\\\/\\\/www.naimahassert.com\\\/wp-content\\\/uploads\\\/2016\\\/01\\\/p6040196-copie1.jpg?w=231\",\"contentUrl\":\"http:\\\/\\\/www.naimahassert.com\\\/wp-content\\\/uploads\\\/2016\\\/01\\\/p6040196-copie1.jpg?w=231\"},{\"@type\":\"BreadcrumbList\",\"@id\":\"https:\\\/\\\/prochainelecture.com\\\/about\\\/#breadcrumb\",\"itemListElement\":[{\"@type\":\"ListItem\",\"position\":1,\"name\":\"Home\",\"item\":\"https:\\\/\\\/prochainelecture.com\\\/\"},{\"@type\":\"ListItem\",\"position\":2,\"name\":\"\u00c0 propos\"}]},{\"@type\":\"WebSite\",\"@id\":\"https:\\\/\\\/prochainelecture.com\\\/#website\",\"url\":\"https:\\\/\\\/prochainelecture.com\\\/\",\"name\":\"Prochaine lecture\",\"description\":\"Mes lectures, pour vous inspirer\",\"publisher\":{\"@id\":\"https:\\\/\\\/prochainelecture.com\\\/#organization\"},\"potentialAction\":[{\"@type\":\"SearchAction\",\"target\":{\"@type\":\"EntryPoint\",\"urlTemplate\":\"https:\\\/\\\/prochainelecture.com\\\/?s={search_term_string}\"},\"query-input\":{\"@type\":\"PropertyValueSpecification\",\"valueRequired\":true,\"valueName\":\"search_term_string\"}}],\"inLanguage\":\"fr-CA\"},{\"@type\":\"Organization\",\"@id\":\"https:\\\/\\\/prochainelecture.com\\\/#organization\",\"name\":\"Prochaine lecture\",\"url\":\"https:\\\/\\\/prochainelecture.com\\\/\",\"logo\":{\"@type\":\"ImageObject\",\"inLanguage\":\"fr-CA\",\"@id\":\"https:\\\/\\\/prochainelecture.com\\\/#\\\/schema\\\/logo\\\/image\\\/\",\"url\":\"https:\\\/\\\/i0.wp.com\\\/prochainelecture.com\\\/wp-content\\\/uploads\\\/2020\\\/08\\\/117888325_336825540689736_603986003001583239_n.png?fit=781%2C100&ssl=1\",\"contentUrl\":\"https:\\\/\\\/i0.wp.com\\\/prochainelecture.com\\\/wp-content\\\/uploads\\\/2020\\\/08\\\/117888325_336825540689736_603986003001583239_n.png?fit=781%2C100&ssl=1\",\"width\":781,\"height\":100,\"caption\":\"Prochaine lecture\"},\"image\":{\"@id\":\"https:\\\/\\\/prochainelecture.com\\\/#\\\/schema\\\/logo\\\/image\\\/\"},\"sameAs\":[\"https:\\\/\\\/www.facebook.com\\\/prochainelecture\\\/\",\"https:\\\/\\\/www.instagram.com\\\/prochaine.lecture\\\/\"]}]}<\/script>\n<!-- \/ Yoast SEO plugin. -->","yoast_head_json":{"title":"\u00c0 propos - Prochaine lecture","robots":{"index":"index","follow":"follow","max-snippet":"max-snippet:-1","max-image-preview":"max-image-preview:large","max-video-preview":"max-video-preview:-1"},"canonical":"https:\/\/prochainelecture.com\/fr\/about\/","og_locale":"fr_CA","og_type":"article","og_title":"\u00c0 propos - Prochaine lecture","og_description":"Bienvenue sur mon blogue de lectures! Je m&#8217;appelle Na\u00efma, et depuis que je sais lire, je d\u00e9vore tout ce qui me tombe sous la main. J&#8217;ai un baccalaur\u00e9at en litt\u00e9rature et linguistique, et je fais actuellement une ma\u00eetrise en linguistique computationnelle. J&#8217;ai commenc\u00e9 ce blogue en 2016 pour partager mon amour de la lecture, et aussi pour garder une trace des livres que je lis. Il y en a beaucoup! J&#8217;\u00e9cris mes critiques en pensant \u00e0 mes lecteurs avant tout. Je veux qu&#8217;elles soient agr\u00e9ables \u00e0 lire, que vous souhaitiez lire le livre ou non. Je ne me perds pas dans des analyses litt\u00e9raires pouss\u00e9es, et en g\u00e9n\u00e9ral mes publications sont plut\u00f4t courtes. Aussi, je ne m&#8217;attarde g\u00e9n\u00e9ralement pas sur les r\u00e9sum\u00e9s des livres : selon moi, ils n&#8217;ont pas grande-chose \u00e0 voir avec le plaisir que j&#8217;ai \u00e0 les lire. Si j&#8217;ai ador\u00e9 le livre et que je veux vraiment que vous le lisiez, je veillerai \u00e0 ne rien spoiler : attention toutefois, si je ne l&#8217;ai pas aim\u00e9, je n&#8217;h\u00e9siterai pas \u00e0 tout d\u00e9voiler! Il m&#8217;arrive d&#8217;ailleurs d&#8217;\u00eatre rude avec certains livres, car j&#8217;ai souvent des opinions tr\u00e8s tranch\u00e9es et que j&#8217;aime me d\u00e9fouler ici. Mais ne me prenez pas trop au s\u00e9rieux! Je sais que la lecture est un acte hautement subjectif, et je ne suis certainement pas une lectrice parfaite (je manque souvent d&#8217;attention, et j&#8217;ai parfois des pr\u00e9jug\u00e9s). Si vous n&#8217;\u00eates pas d&#8217;accord avec moi, n&#8217;h\u00e9sitez pas \u00e0 me le dire, il me fera plaisir de discuter avec vous! Suivez-moi sur Facebook, Instagram, Twitter, et inscrivez votre courriel dans la barre de droite pour ne manquer aucune de mes nouvelles publications! Pour me contacter directement, vous pouvez m&#8217;envoyer un courriel \u00e0 naima@prochainelecture.com. Bonne lecture!","og_url":"https:\/\/prochainelecture.com\/fr\/about\/","og_site_name":"Prochaine lecture","article_publisher":"https:\/\/www.facebook.com\/prochainelecture\/","article_modified_time":"2023-01-04T21:21:42+00:00","og_image":[{"url":"http:\/\/www.naimahassert.com\/wp-content\/uploads\/2016\/01\/p6040196-copie1.jpg?w=231","type":"","width":"","height":""}],"twitter_card":"summary_large_image","twitter_misc":{"Estimation du temps de lecture":"2 minutes"},"schema":{"@context":"https:\/\/schema.org","@graph":[{"@type":"WebPage","@id":"https:\/\/prochainelecture.com\/about\/","url":"https:\/\/prochainelecture.com\/about\/","name":"\u00c0 propos - Prochaine lecture","isPartOf":{"@id":"https:\/\/prochainelecture.com\/#website"},"primaryImageOfPage":{"@id":"https:\/\/prochainelecture.com\/about\/#primaryimage"},"image":{"@id":"https:\/\/prochainelecture.com\/about\/#primaryimage"},"thumbnailUrl":"http:\/\/www.naimahassert.com\/wp-content\/uploads\/2016\/01\/p6040196-copie1.jpg?w=231","datePublished":"2015-12-22T18:46:34+00:00","dateModified":"2023-01-04T21:21:42+00:00","breadcrumb":{"@id":"https:\/\/prochainelecture.com\/about\/#breadcrumb"},"inLanguage":"fr-CA","potentialAction":[{"@type":"ReadAction","target":["https:\/\/prochainelecture.com\/about\/"]}]},{"@type":"ImageObject","inLanguage":"fr-CA","@id":"https:\/\/prochainelecture.com\/about\/#primaryimage","url":"http:\/\/www.naimahassert.com\/wp-content\/uploads\/2016\/01\/p6040196-copie1.jpg?w=231","contentUrl":"http:\/\/www.naimahassert.com\/wp-content\/uploads\/2016\/01\/p6040196-copie1.jpg?w=231"},{"@type":"BreadcrumbList","@id":"https:\/\/prochainelecture.com\/about\/#breadcrumb","itemListElement":[{"@type":"ListItem","position":1,"name":"Home","item":"https:\/\/prochainelecture.com\/"},{"@type":"ListItem","position":2,"name":"\u00c0 propos"}]},{"@type":"WebSite","@id":"https:\/\/prochainelecture.com\/#website","url":"https:\/\/prochainelecture.com\/","name":"Prochaine lecture","description":"Mes lectures, pour vous inspirer","publisher":{"@id":"https:\/\/prochainelecture.com\/#organization"},"potentialAction":[{"@type":"SearchAction","target":{"@type":"EntryPoint","urlTemplate":"https:\/\/prochainelecture.com\/?s={search_term_string}"},"query-input":{"@type":"PropertyValueSpecification","valueRequired":true,"valueName":"search_term_string"}}],"inLanguage":"fr-CA"},{"@type":"Organization","@id":"https:\/\/prochainelecture.com\/#organization","name":"Prochaine lecture","url":"https:\/\/prochainelecture.com\/","logo":{"@type":"ImageObject","inLanguage":"fr-CA","@id":"https:\/\/prochainelecture.com\/#\/schema\/logo\/image\/","url":"https:\/\/i0.wp.com\/prochainelecture.com\/wp-content\/uploads\/2020\/08\/117888325_336825540689736_603986003001583239_n.png?fit=781%2C100&ssl=1","contentUrl":"https:\/\/i0.wp.com\/prochainelecture.com\/wp-content\/uploads\/2020\/08\/117888325_336825540689736_603986003001583239_n.png?fit=781%2C100&ssl=1","width":781,"height":100,"caption":"Prochaine lecture"},"image":{"@id":"https:\/\/prochainelecture.com\/#\/schema\/logo\/image\/"},"sameAs":["https:\/\/www.facebook.com\/prochainelecture\/","https:\/\/www.instagram.com\/prochaine.lecture\/"]}]}},"jetpack_sharing_enabled":true,"jetpack_shortlink":"https:\/\/wp.me\/P7kvK4-7","jetpack_likes_enabled":true,"_links":{"self":[{"href":"https:\/\/prochainelecture.com\/fr\/wp-json\/wp\/v2\/pages\/7","targetHints":{"allow":["GET"]}}],"collection":[{"href":"https:\/\/prochainelecture.com\/fr\/wp-json\/wp\/v2\/pages"}],"about":[{"href":"https:\/\/prochainelecture.com\/fr\/wp-json\/wp\/v2\/types\/page"}],"author":[{"embeddable":true,"href":"https:\/\/prochainelecture.com\/fr\/wp-json\/wp\/v2\/users\/1"}],"replies":[{"embeddable":true,"href":"https:\/\/prochainelecture.com\/fr\/wp-json\/wp\/v2\/comments?post=7"}],"version-history":[{"count":5,"href":"https:\/\/prochainelecture.com\/fr\/wp-json\/wp\/v2\/pages\/7\/revisions"}],"predecessor-version":[{"id":4596,"href":"https:\/\/prochainelecture.com\/fr\/wp-json\/wp\/v2\/pages\/7\/revisions\/4596"}],"wp:attachment":[{"href":"https:\/\/prochainelecture.com\/fr\/wp-json\/wp\/v2\/media?parent=7"}],"curies":[{"name":"wp","href":"https:\/\/api.w.org\/{rel}","templated":true}]}}